{"id":40,"date":"2020-08-05T11:21:15","date_gmt":"2020-08-05T10:21:15","guid":{"rendered":"https:\/\/security-hub.ro\/en\/?page_id=40"},"modified":"2020-08-05T11:21:15","modified_gmt":"2020-08-05T10:21:15","slug":"project-reports","status":"publish","type":"page","link":"https:\/\/security-hub.ro\/en\/project-reports\/","title":{"rendered":"Project Reports"},"content":{"rendered":"\n<h2 class=\"wp-block-heading\"># Etapa I<\/h2>\n\n\n\n<p>Etapa I s-a desf\u0103\u0219urat \u00een perioada 31\/03\/2018 &#8211; 31\/12\/2018 \u0219i a avut ca<br>obiective principale:<\/p>\n\n\n\n<ul><li>identificarea abord\u0103rilor \u0219i tendin\u021belor \u00een domeniu, stabilirea<br>tehnologiilor aplicabile, elaborarea specifica\u021biilor pentru produsele \/<br>serviciile ce urmeaz\u0103 a fi realizate;<\/li><li>stabilirea specifica\u021biilor pentru echipamentele \u0219i aplica\u021biile software ce<br>urmeaz\u0103 a fi achizi\u021bionate; achizi\u021bia primului lot de echipamente.<\/li><li>familiarizarea membrilor echipelor de cercetare cu metodologia de<br>lucru a proiectului; armonizarea echipelor de cercetare.<\/li><li>stabilirea metodelor de comunicare \u0219i colaborare \u00een cadrul proiectului;<\/li><li>ini\u021bierea de \u00eent\u00e2lniri cu poten\u021bialii beneficiari din mediul guvernamental<br>\u0219i privat;<\/li><li>diseminarea rezultatelor cercet\u0103rii prin publicarea de articole \u00een jurnale<br>\u0219i la conferin\u021be indexate ISI \/ BDI;<\/li><li>realizarea site-ului Web de prezentare a proiectului;<\/li><li>recrutarea \u0219i angajarea noilor cercet\u0103tori.<\/li><\/ul>\n\n\n\n<p>Pentru atingerea acestor obiective, \u00een cadrul celor 3 proiecte componente, au<br>fost planificate &nbsp;<strong>5 activit\u0103\u021bi de tipul A1<\/strong> (Cercetare fundamental\u0103) \u00een care<br>au fost elaborate studii \u0219i specifica\u021bii tehnice pentru produsele \/ serviciile ce<br>urmeaz\u0103 a fi realizate. Detaliile privind aceste activit\u0103\u021bi sunt prezentate, \u00een<br>sintez\u0103, \u00een <a href=\"https:\/\/www.security-hub.ro\/wp-content\/uploads\/2018\/12\/ATLASRaportEtapa1.pdf\">Raportul \u0218tiin\u021bific \u0219i Tehnic<\/a>.<\/p>\n\n\n\n<p>Rezultatele activit\u0103\u021bilor de cercetare au fost publicate \u00een jurnale \u0219i \u00een<br>volumele unor conferin\u021be interna\u021bionale indexate ISI\/BDI. \u00cen total, au fost<br>publicate <strong>15 articole \u0219tiin\u021bifice.<\/strong><\/p>\n\n\n\n<p>De asemenea, pe parcursul acestei etape au fost organizate concursuri \u00een<br>urma c\u0103rora toate cele <strong>8 posturi de &nbsp;noi cercet\u0103tori<\/strong> asumate prin contract<br>au fost ocupate.<\/p>\n\n\n\n<h2 class=\"wp-block-heading\">#Etapa II<\/h2>\n\n\n\n<p>Etapa II s-a desf\u0103\u0219urat \u00een perioada 01\/01\/2019 &#8211; 31\/12\/2019 \u0219i a avut ca obiective principale:<\/p>\n\n\n\n<ul><li>dezvoltarea versiunii ini\u021biale (versiunea beta) a noilor produse\/servicii;<\/li><li>instalarea \u0219i configurarea laboratoarelor;<\/li><li>elaborarea scenariilor de test \u0219i testarea \u00een laborator a noilor produse\/servicii;<\/li><li>achizi\u021bionarea celui de-al doilea lot de echipamente;<\/li><li>prezentarea rezultatelor ob\u021binute c\u0103tre poten\u021bialii beneficiari;<\/li><li>diseminarea rezultatelor cercet\u0103rii prin publicarea de articole \u00een jurnale \u0219i la<br>conferin\u021be \u0219i prin intermediul site-ului Web de prezentare a proiectului.<\/li><\/ul>\n\n\n\n<p>Pentru atingerea acestor obiective, \u00een cadrul celor 3 proiecte componente, au fost<br>planificate <strong>5 activit\u0103\u021bi de tipul A2<\/strong> (Cercetare industrial\u0103), \u00een cadrul c\u0103rora au fost<br>dezvoltate versiunile ini\u021biale ale noilor produse\/servicii. Detalii cu privire la<br>produsele\/serviciile dezvoltate sunt prezentate \u00een <a href=\"https:\/\/www.security-hub.ro\/wp-content\/uploads\/2019\/12\/ATLASRaportEtapa2.pdf\">Raportul \u0218tiin\u021bific \u0219i Tehnic<\/a>.<br>Rezultatele activit\u0103\u021bilor de cercetare au fost publicate \u00een jurnale \u0219i \u00een volumele<br>unor conferin\u021be interna\u021bionale indexate ISI\/BDI. \u00cen total, au fost publicate <strong>32<\/strong><br><strong>articole \u0219tiin\u021bifice<\/strong>.<\/p>\n","protected":false},"excerpt":{"rendered":"<p># Etapa I Etapa I s-a desf\u0103\u0219urat \u00een perioada 31\/03\/2018 &#8211; 31\/12\/2018 \u0219i a avut caobiective principale: identificarea abord\u0103rilor \u0219i tendin\u021belor \u00een domeniu, stabilireatehnologiilor aplicabile, elaborarea specifica\u021biilor pentru produsele \/serviciile ce urmeaz\u0103 a fi realizate; stabilirea specifica\u021biilor pentru echipamentele \u0219i aplica\u021biile software ceurmeaz\u0103 a fi achizi\u021bionate; achizi\u021bia primului lot de echipamente. familiarizarea membrilor echipelor de [&hellip;]<\/p>\n","protected":false},"author":1,"featured_media":0,"parent":0,"menu_order":0,"comment_status":"closed","ping_status":"closed","template":"","meta":{"footnotes":""},"_links":{"self":[{"href":"https:\/\/security-hub.ro\/en\/wp-json\/wp\/v2\/pages\/40"}],"collection":[{"href":"https:\/\/security-hub.ro\/en\/wp-json\/wp\/v2\/pages"}],"about":[{"href":"https:\/\/security-hub.ro\/en\/wp-json\/wp\/v2\/types\/page"}],"author":[{"embeddable":true,"href":"https:\/\/security-hub.ro\/en\/wp-json\/wp\/v2\/users\/1"}],"replies":[{"embeddable":true,"href":"https:\/\/security-hub.ro\/en\/wp-json\/wp\/v2\/comments?post=40"}],"version-history":[{"count":1,"href":"https:\/\/security-hub.ro\/en\/wp-json\/wp\/v2\/pages\/40\/revisions"}],"predecessor-version":[{"id":41,"href":"https:\/\/security-hub.ro\/en\/wp-json\/wp\/v2\/pages\/40\/revisions\/41"}],"wp:attachment":[{"href":"https:\/\/security-hub.ro\/en\/wp-json\/wp\/v2\/media?parent=40"}],"curies":[{"name":"wp","href":"https:\/\/api.w.org\/{rel}","templated":true}]}}